{"id":485,"date":"2026-02-18T23:31:22","date_gmt":"2026-02-18T23:31:22","guid":{"rendered":"https:\/\/domuseafr.com\/?page_id=485"},"modified":"2026-03-08T22:34:06","modified_gmt":"2026-03-08T22:34:06","slug":"les-mentions-legales-obligatoires","status":"publish","type":"page","link":"https:\/\/domusea.fr\/en\/les-mentions-legales-obligatoires\/","title":{"rendered":"Mandatory legal information"},"content":{"rendered":"<div data-elementor-type=\"wp-page\" data-elementor-id=\"485\" class=\"elementor elementor-485\">\n\t\t\t\t<div class=\"elementor-element elementor-element-08d00e9 e-flex e-con-boxed e-con e-parent\" data-id=\"08d00e9\" data-element_type=\"container\" data-e-type=\"container\">\n\t\t\t\t\t<div class=\"e-con-inner\">\n\t\t\t\t<div class=\"elementor-element elementor-element-efefc03 elementor-widget elementor-widget-heading\" data-id=\"efefc03\" data-element_type=\"widget\" data-e-type=\"widget\" data-widget_type=\"heading.default\">\n\t\t\t\t\t<h2 class=\"elementor-heading-title elementor-size-default\">Mentions l\u00e9gales<\/h2>\t\t\t\t<\/div>\n\t\t\t\t\t<\/div>\n\t\t\t\t<\/div>\n\t\t<div class=\"elementor-element elementor-element-59d7313 e-flex e-con-boxed e-con e-parent\" data-id=\"59d7313\" data-element_type=\"container\" data-e-type=\"container\">\n\t\t\t\t\t<div class=\"e-con-inner\">\n\t\t\t\t<div class=\"elementor-element elementor-element-2f9bd4a elementor-widget elementor-widget-text-editor\" data-id=\"2f9bd4a\" data-element_type=\"widget\" data-e-type=\"widget\" data-widget_type=\"text-editor.default\">\n\t\t\t\t\t\t\t\t\t<p><b>1. \u00c9diteur du site:<\/b><\/p>\n<p>Le pr\u00e9sent site est \u00e9dit\u00e9 par : Lo\u00e9na DUBLINEAU pour&nbsp;<span style=\"font-style: inherit; color: var( --e-global-color-astglobalcolor0 ); text-align: var(--text-align); background-color: var(--ast-global-color-5);\">Domusea <\/span>&nbsp;<span style=\"font-style: inherit; color: var( --e-global-color-astglobalcolor0 ); text-align: var(--text-align); background-color: var(--ast-global-color-5);\">Conciergerie locative premium <\/span>&nbsp;<\/p>\n<p>Zone d\u2019activit\u00e9 : C\u00f4te landaise \u2013 France <span class=\"Apple-converted-space\">&nbsp;<\/span><\/p>\n<p>E-mail : contact@domusea.fr <span class=\"Apple-converted-space\">&nbsp;<\/span><\/p>\n<p>Statut juridique : micro entreprise&nbsp;<span class=\"Apple-converted-space\">&nbsp;<\/span><\/p>\n<p>Nom du dirigeant : Breant Cl\u00e9mence&nbsp;<\/p>\n<p><span style=\"font-style: inherit; color: var( --e-global-color-astglobalcolor0 ); text-align: var(--text-align); background-color: var(--ast-global-color-5);\">Adresse du si\u00e8ge social : 8 rue Jean Jacques Rousseau 64160 Billiere&nbsp;<\/span><span style=\"font-style: inherit; color: var( --e-global-color-astglobalcolor0 ); text-align: var(--text-align); background-color: var(--ast-global-color-5);\">&nbsp;<\/span><span style=\"font-style: inherit; color: var( --e-global-color-astglobalcolor0 ); text-align: var(--text-align); background-color: var(--ast-global-color-5);\">&nbsp;<\/span><\/p>\n<p>Num\u00e9ro SIRET : 99963575800017<\/p>\n<p><\/p>\n<p>Et<\/p>\n<p>Statut juridique : micro entreprise&nbsp;<\/p>\n<p>Nom du dirigeant : Martinez Arconada Armel<\/p>\n<p><span style=\"font-style: inherit; color: var( --e-global-color-astglobalcolor0 ); text-align: var(--text-align); background-color: var(--ast-global-color-5);\">Adresse du si\u00e8ge social : 29 rue du 14 juillet 64000 Pau&nbsp;<\/span><span style=\"font-style: inherit; color: var( --e-global-color-astglobalcolor0 ); text-align: var(--text-align); background-color: var(--ast-global-color-5);\">&nbsp;<\/span><span style=\"font-style: inherit; color: var( --e-global-color-astglobalcolor0 ); text-align: var(--text-align); background-color: var(--ast-global-color-5);\">&nbsp;<\/span><\/p>\n<p>Num\u00e9ro SIRET : 99966453500013<\/p>\n<p><\/p>\n<p><span style=\"font-style: inherit; color: var( --e-global-color-astglobalcolor0 ); text-align: var(--text-align); background-color: var(--ast-global-color-5);\">&#8212;<\/span><\/p>\n<p><span style=\"font-style: inherit; color: var( --e-global-color-astglobalcolor0 ); text-align: var(--text-align); background-color: var(--ast-global-color-5);\"><b>2. H\u00e9bergement:<\/b><\/span><\/p>\n<p>Le site est h\u00e9berg\u00e9 par : O2switch<\/p>\n<p><span style=\"font-style: inherit; color: var( --e-global-color-astglobalcolor0 ); text-align: var(--text-align); background-color: var(--ast-global-color-5);\">Adresse : chemin des&nbsp;<\/span>Pardiaux 63000 Clermont-Ferrand, France<\/p>\n<p>Site web : &nbsp;https:\/\/www.o2switch.fr<\/p>\n<p>&#8212;<\/p>\n<p><span style=\"font-style: inherit; color: var( --e-global-color-astglobalcolor0 ); text-align: var(--text-align); background-color: var(--ast-global-color-5);\"><b>&nbsp;3. Propri\u00e9t\u00e9 intellectuelle:<\/b><\/span><\/p>\n<p>L\u2019ensemble du contenu du site (textes, images, logo, design, structure, etc.) est la propri\u00e9t\u00e9 exclusive de Domusea, sauf mention contraire.<\/p>\n<p>Toute reproduction, distribution, modification ou utilisation, m\u00eame partielle, de ces \u00e9l\u00e9ments sans autorisation \u00e9crite est strictement interdite.<\/p>\n<p>&#8212;<\/p>\n<p><b>&nbsp;4. Responsabilit\u00e9:<\/b><\/p>\n<p>Domusea s\u2019efforce de fournir sur le site des informations aussi pr\u00e9cises que possible. <span class=\"Apple-converted-space\">&nbsp;<\/span><\/p>\n<p>Toutefois, l\u2019\u00e9diteur ne pourra \u00eatre tenu responsable des omissions, inexactitudes ou carences dans la mise \u00e0 jour.<\/p>\n<p>L\u2019utilisateur du site reconna\u00eet utiliser les informations sous sa responsabilit\u00e9 exclusive.<\/p>\n<p>&#8212;<\/p>\n<p><b>5. Donn\u00e9es personnelles:<\/b><\/p>\n<p>Les donn\u00e9es personnelles collect\u00e9es sur le site sont trait\u00e9es conform\u00e9ment \u00e0 la politique de confidentialit\u00e9 accessible sur le site.<\/p>\n<p>Conform\u00e9ment au RGPD, vous pouvez exercer vos droits d\u2019acc\u00e8s, de rectification ou de suppression en contactant : <span class=\"Apple-converted-space\">&nbsp;<\/span><\/p>\n<p>contact@domusea.fr<\/p>\n<p>&#8212;<\/p>\n<p><b>&nbsp;6. Droit applicable:<\/b><\/p>\n<p>Le site est soumis au droit fran\u00e7ais. <span class=\"Apple-converted-space\">&nbsp;<\/span><\/p>\n<p>En cas de litige, les tribunaux comp\u00e9tents seront ceux du ressort du si\u00e8ge social de l\u2019entreprise.<\/p>\n<p>Derni\u00e8re mise \u00e0 jour : f\u00e9vrier 2026.<\/p>\t\t\t\t\t\t\t\t<\/div>\n\t\t\t\t\t<\/div>\n\t\t\t\t<\/div>\n\t\t\t\t<\/div>","protected":false},"excerpt":{"rendered":"<p>Mentions l\u00e9gales 1. \u00c9diteur du site: Le pr\u00e9sent site est \u00e9dit\u00e9 par : Lo\u00e9na DUBLINEAU pour&nbsp;Domusea &nbsp;Conciergerie locative premium &nbsp; [&hellip;]<\/p>\n","protected":false},"author":1,"featured_media":0,"parent":0,"menu_order":0,"comment_status":"closed","ping_status":"closed","template":"","meta":{"site-sidebar-layout":"no-sidebar","site-content-layout":"","ast-site-content-layout":"full-width-container","site-content-style":"default","site-sidebar-style":"default","ast-global-header-display":"","ast-banner-title-visibility":"","ast-main-header-display":"","ast-hfb-above-header-display":"","ast-hfb-below-header-display":"","ast-hfb-mobile-header-display":"","site-post-title":"disabled","ast-breadcrumbs-content":"","ast-featured-img":"disabled","footer-sml-layout":"","ast-disable-related-posts":"","theme-transparent-header-meta":"","adv-header-id-meta":"","stick-header-meta":"","header-above-stick-meta":"","header-main-stick-meta":"","header-below-stick-meta":"","astra-migrate-meta-layouts":"default","ast-page-background-enabled":"default","ast-page-background-meta":{"desktop":{"background-color":"var(--ast-global-color-5)","background-image":"","background-repeat":"repeat","background-position":"center center","background-size":"auto","background-attachment":"scroll","background-type":"","background-media":"","overlay-type":"","overlay-color":"","overlay-opacity":"","overlay-gradient":""},"tablet":{"background-color":"","background-image":"","background-repeat":"repeat","background-position":"center center","background-size":"auto","background-attachment":"scroll","background-type":"","background-media":"","overlay-type":"","overlay-color":"","overlay-opacity":"","overlay-gradient":""},"mobile":{"background-color":"","background-image":"","background-repeat":"repeat","background-position":"center center","background-size":"auto","background-attachment":"scroll","background-type":"","background-media":"","overlay-type":"","overlay-color":"","overlay-opacity":"","overlay-gradient":""}},"ast-content-background-meta":{"desktop":{"background-color":"var(--ast-global-color-4)","background-image":"","background-repeat":"repeat","background-position":"center center","background-size":"auto","background-attachment":"scroll","background-type":"","background-media":"","overlay-type":"","overlay-color":"","overlay-opacity":"","overlay-gradient":""},"tablet":{"background-color":"var(--ast-global-color-4)","background-image":"","background-repeat":"repeat","background-position":"center center","background-size":"auto","background-attachment":"scroll","background-type":"","background-media":"","overlay-type":"","overlay-color":"","overlay-opacity":"","overlay-gradient":""},"mobile":{"background-color":"var(--ast-global-color-4)","background-image":"","background-repeat":"repeat","background-position":"center center","background-size":"auto","background-attachment":"scroll","background-type":"","background-media":"","overlay-type":"","overlay-color":"","overlay-opacity":"","overlay-gradient":""}},"footnotes":""},"class_list":["post-485","page","type-page","status-publish","hentry"],"yoast_head":"<!-- This site is optimized with the Yoast SEO plugin v27.5 - https:\/\/yoast.com\/product\/yoast-seo-wordpress\/ -->\n<title>Les mentions l\u00e9gales obligatoires - Domusea<\/title>\n<meta name=\"description\" content=\"Conciergerie premium au Pays Basque et sur la C\u00f4te Landaise. Gestion compl\u00e8te de votre location courte dur\u00e9e : optimisation , accueil voyageurs et m\u00e9nage h\u00f4telier.\" \/>\n<meta name=\"robots\" content=\"index, follow, max-snippet:-1, max-image-preview:large, max-video-preview:-1\" \/>\n<link rel=\"canonical\" href=\"https:\/\/domusea.fr\/en\/les-mentions-legales-obligatoires\/\" \/>\n<meta property=\"og:locale\" content=\"en_US\" \/>\n<meta property=\"og:type\" content=\"article\" \/>\n<meta property=\"og:title\" content=\"Les mentions l\u00e9gales obligatoires - Domusea\" \/>\n<meta property=\"og:description\" content=\"Conciergerie premium au Pays Basque et sur la C\u00f4te Landaise. Gestion compl\u00e8te de votre location courte dur\u00e9e : optimisation , accueil voyageurs et m\u00e9nage h\u00f4telier.\" \/>\n<meta property=\"og:url\" content=\"https:\/\/domusea.fr\/en\/les-mentions-legales-obligatoires\/\" \/>\n<meta property=\"og:site_name\" content=\"Domusea\" \/>\n<meta property=\"article:modified_time\" content=\"2026-03-08T22:34:06+00:00\" \/>\n<meta name=\"twitter:card\" content=\"summary_large_image\" \/>\n<meta name=\"twitter:label1\" content=\"Est. reading time\" \/>\n\t<meta name=\"twitter:data1\" content=\"2 minutes\" \/>\n<script type=\"application\/ld+json\" class=\"yoast-schema-graph\">{\"@context\":\"https:\\\/\\\/schema.org\",\"@graph\":[{\"@type\":\"WebPage\",\"@id\":\"https:\\\/\\\/domusea.fr\\\/les-mentions-legales-obligatoires\\\/\",\"url\":\"https:\\\/\\\/domusea.fr\\\/les-mentions-legales-obligatoires\\\/\",\"name\":\"Les mentions l\u00e9gales obligatoires - Domusea\",\"isPartOf\":{\"@id\":\"https:\\\/\\\/domusea.fr\\\/#website\"},\"datePublished\":\"2026-02-18T23:31:22+00:00\",\"dateModified\":\"2026-03-08T22:34:06+00:00\",\"description\":\"Conciergerie premium au Pays Basque et sur la C\u00f4te Landaise. Gestion compl\u00e8te de votre location courte dur\u00e9e : optimisation , accueil voyageurs et m\u00e9nage h\u00f4telier.\",\"breadcrumb\":{\"@id\":\"https:\\\/\\\/domusea.fr\\\/les-mentions-legales-obligatoires\\\/#breadcrumb\"},\"inLanguage\":\"en-US\",\"potentialAction\":[{\"@type\":\"ReadAction\",\"target\":[\"https:\\\/\\\/domusea.fr\\\/les-mentions-legales-obligatoires\\\/\"]}]},{\"@type\":\"BreadcrumbList\",\"@id\":\"https:\\\/\\\/domusea.fr\\\/les-mentions-legales-obligatoires\\\/#breadcrumb\",\"itemListElement\":[{\"@type\":\"ListItem\",\"position\":1,\"name\":\"Accueil\",\"item\":\"https:\\\/\\\/domusea.fr\\\/\"},{\"@type\":\"ListItem\",\"position\":2,\"name\":\"Les mentions l\u00e9gales obligatoires\"}]},{\"@type\":\"WebSite\",\"@id\":\"https:\\\/\\\/domusea.fr\\\/#website\",\"url\":\"https:\\\/\\\/domusea.fr\\\/\",\"name\":\"Domusea\",\"description\":\"Conciergerie Premium\",\"publisher\":{\"@id\":\"https:\\\/\\\/domusea.fr\\\/#organization\"},\"potentialAction\":[{\"@type\":\"SearchAction\",\"target\":{\"@type\":\"EntryPoint\",\"urlTemplate\":\"https:\\\/\\\/domusea.fr\\\/?s={search_term_string}\"},\"query-input\":{\"@type\":\"PropertyValueSpecification\",\"valueRequired\":true,\"valueName\":\"search_term_string\"}}],\"inLanguage\":\"en-US\"},{\"@type\":\"Organization\",\"@id\":\"https:\\\/\\\/domusea.fr\\\/#organization\",\"name\":\"Domusea\",\"url\":\"https:\\\/\\\/domusea.fr\\\/\",\"logo\":{\"@type\":\"ImageObject\",\"inLanguage\":\"en-US\",\"@id\":\"https:\\\/\\\/domusea.fr\\\/#\\\/schema\\\/logo\\\/image\\\/\",\"url\":\"https:\\\/\\\/domusea.fr\\\/wp-content\\\/uploads\\\/2026\\\/02\\\/cropped-BCBD588B-E202-4F58-A4A6-E54288991DB0.png\",\"contentUrl\":\"https:\\\/\\\/domusea.fr\\\/wp-content\\\/uploads\\\/2026\\\/02\\\/cropped-BCBD588B-E202-4F58-A4A6-E54288991DB0.png\",\"width\":\"1024\",\"height\":\"504\",\"caption\":\"Domusea\"},\"image\":{\"@id\":\"https:\\\/\\\/domusea.fr\\\/#\\\/schema\\\/logo\\\/image\\\/\"},\"sameAs\":[\"https:\\\/\\\/www.instagram.com\\\/domusea_conciergerie?igsh=NGZxbTFtc21yM2c1\"]}]}<\/script>\n<!-- \/ Yoast SEO plugin. -->","yoast_head_json":{"title":"Les mentions l\u00e9gales obligatoires - Domusea","description":"Conciergerie premium au Pays Basque et sur la C\u00f4te Landaise. Gestion compl\u00e8te de votre location courte dur\u00e9e : optimisation , accueil voyageurs et m\u00e9nage h\u00f4telier.","robots":{"index":"index","follow":"follow","max-snippet":"max-snippet:-1","max-image-preview":"max-image-preview:large","max-video-preview":"max-video-preview:-1"},"canonical":"https:\/\/domusea.fr\/en\/les-mentions-legales-obligatoires\/","og_locale":"en_US","og_type":"article","og_title":"Les mentions l\u00e9gales obligatoires - Domusea","og_description":"Conciergerie premium au Pays Basque et sur la C\u00f4te Landaise. Gestion compl\u00e8te de votre location courte dur\u00e9e : optimisation , accueil voyageurs et m\u00e9nage h\u00f4telier.","og_url":"https:\/\/domusea.fr\/en\/les-mentions-legales-obligatoires\/","og_site_name":"Domusea","article_modified_time":"2026-03-08T22:34:06+00:00","twitter_card":"summary_large_image","twitter_misc":{"Est. reading time":"2 minutes"},"schema":{"@context":"https:\/\/schema.org","@graph":[{"@type":"WebPage","@id":"https:\/\/domusea.fr\/les-mentions-legales-obligatoires\/","url":"https:\/\/domusea.fr\/les-mentions-legales-obligatoires\/","name":"Les mentions l\u00e9gales obligatoires - Domusea","isPartOf":{"@id":"https:\/\/domusea.fr\/#website"},"datePublished":"2026-02-18T23:31:22+00:00","dateModified":"2026-03-08T22:34:06+00:00","description":"Conciergerie premium au Pays Basque et sur la C\u00f4te Landaise. Gestion compl\u00e8te de votre location courte dur\u00e9e : optimisation , accueil voyageurs et m\u00e9nage h\u00f4telier.","breadcrumb":{"@id":"https:\/\/domusea.fr\/les-mentions-legales-obligatoires\/#breadcrumb"},"inLanguage":"en-US","potentialAction":[{"@type":"ReadAction","target":["https:\/\/domusea.fr\/les-mentions-legales-obligatoires\/"]}]},{"@type":"BreadcrumbList","@id":"https:\/\/domusea.fr\/les-mentions-legales-obligatoires\/#breadcrumb","itemListElement":[{"@type":"ListItem","position":1,"name":"Accueil","item":"https:\/\/domusea.fr\/"},{"@type":"ListItem","position":2,"name":"Les mentions l\u00e9gales obligatoires"}]},{"@type":"WebSite","@id":"https:\/\/domusea.fr\/#website","url":"https:\/\/domusea.fr\/","name":"Domusea","description":"Conciergerie Premium","publisher":{"@id":"https:\/\/domusea.fr\/#organization"},"potentialAction":[{"@type":"SearchAction","target":{"@type":"EntryPoint","urlTemplate":"https:\/\/domusea.fr\/?s={search_term_string}"},"query-input":{"@type":"PropertyValueSpecification","valueRequired":true,"valueName":"search_term_string"}}],"inLanguage":"en-US"},{"@type":"Organization","@id":"https:\/\/domusea.fr\/#organization","name":"Domusea","url":"https:\/\/domusea.fr\/","logo":{"@type":"ImageObject","inLanguage":"en-US","@id":"https:\/\/domusea.fr\/#\/schema\/logo\/image\/","url":"https:\/\/domusea.fr\/wp-content\/uploads\/2026\/02\/cropped-BCBD588B-E202-4F58-A4A6-E54288991DB0.png","contentUrl":"https:\/\/domusea.fr\/wp-content\/uploads\/2026\/02\/cropped-BCBD588B-E202-4F58-A4A6-E54288991DB0.png","width":"1024","height":"504","caption":"Domusea"},"image":{"@id":"https:\/\/domusea.fr\/#\/schema\/logo\/image\/"},"sameAs":["https:\/\/www.instagram.com\/domusea_conciergerie?igsh=NGZxbTFtc21yM2c1"]}]}},"_links":{"self":[{"href":"https:\/\/domusea.fr\/en\/wp-json\/wp\/v2\/pages\/485","targetHints":{"allow":["GET"]}}],"collection":[{"href":"https:\/\/domusea.fr\/en\/wp-json\/wp\/v2\/pages"}],"about":[{"href":"https:\/\/domusea.fr\/en\/wp-json\/wp\/v2\/types\/page"}],"author":[{"embeddable":true,"href":"https:\/\/domusea.fr\/en\/wp-json\/wp\/v2\/users\/1"}],"replies":[{"embeddable":true,"href":"https:\/\/domusea.fr\/en\/wp-json\/wp\/v2\/comments?post=485"}],"version-history":[{"count":10,"href":"https:\/\/domusea.fr\/en\/wp-json\/wp\/v2\/pages\/485\/revisions"}],"predecessor-version":[{"id":998,"href":"https:\/\/domusea.fr\/en\/wp-json\/wp\/v2\/pages\/485\/revisions\/998"}],"wp:attachment":[{"href":"https:\/\/domusea.fr\/en\/wp-json\/wp\/v2\/media?parent=485"}],"curies":[{"name":"wp","href":"https:\/\/api.w.org\/{rel}","templated":true}]}}