{"id":480,"date":"2026-02-18T23:21:04","date_gmt":"2026-02-18T23:21:04","guid":{"rendered":"https:\/\/domuseafr.com\/?page_id=480"},"modified":"2026-02-18T23:40:57","modified_gmt":"2026-02-18T23:40:57","slug":"politique-de-confidentialite","status":"publish","type":"page","link":"https:\/\/domusea.fr\/en\/politique-de-confidentialite\/","title":{"rendered":"Privacy policy"},"content":{"rendered":"<div data-elementor-type=\"wp-page\" data-elementor-id=\"480\" class=\"elementor elementor-480\">\n\t\t\t\t<div class=\"elementor-element elementor-element-c6dca30 e-flex e-con-boxed e-con e-parent\" data-id=\"c6dca30\" data-element_type=\"container\" data-e-type=\"container\">\n\t\t\t\t\t<div class=\"e-con-inner\">\n\t\t\t\t<div class=\"elementor-element elementor-element-0aabec8 elementor-widget elementor-widget-heading\" data-id=\"0aabec8\" data-element_type=\"widget\" data-e-type=\"widget\" data-widget_type=\"heading.default\">\n\t\t\t\t\t<h2 class=\"elementor-heading-title elementor-size-default\">Privacy policy <\/h2>\t\t\t\t<\/div>\n\t\t\t\t\t<\/div>\n\t\t\t\t<\/div>\n\t\t<div class=\"elementor-element elementor-element-8ded4ee e-flex e-con-boxed e-con e-parent\" data-id=\"8ded4ee\" data-element_type=\"container\" data-e-type=\"container\">\n\t\t\t\t\t<div class=\"e-con-inner\">\n\t\t\t\t<div class=\"elementor-element elementor-element-e92a7d9 elementor-widget elementor-widget-text-editor\" data-id=\"e92a7d9\" data-element_type=\"widget\" data-e-type=\"widget\" data-widget_type=\"text-editor.default\">\n\t\t\t\t\t\t\t\t\t<p><b>&nbsp;1. Introduction:<br><\/b><span style=\"color: var( --e-global-color-astglobalcolor3 ); font-style: inherit; background-color: var(--ast-global-color-5);\">La pr\u00e9sente politique de confidentialit\u00e9 a pour objectif d\u2019informer les utilisateurs du site Domusea sur la mani\u00e8re dont leurs donn\u00e9es personnelles sont collect\u00e9es, utilis\u00e9es et prot\u00e9g\u00e9es.<\/span><\/p>\n<p>En utilisant ce site, vous acceptez les pratiques d\u00e9crites dans cette politique.<\/p>\n<p>&#8212;<\/p>\n<p><b>&nbsp;2. Responsable du traitement:<\/b><\/p>\n<p>Le responsable du traitement des donn\u00e9es est :<\/p>\n<p>-Domusea <span class=\"Apple-converted-space\">&nbsp;<\/span><\/p>\n<p>-Conciergerie locative premium <span class=\"Apple-converted-space\">&nbsp;<\/span><\/p>\n<p>-E-mail : contact@domusea.fr <span class=\"Apple-converted-space\">&nbsp;<\/span><\/p>\n<p>-Zone d\u2019activit\u00e9 : C\u00f4te landaise, France<\/p>\n<p>&#8212;<\/p>\n<p><b>&nbsp;3. Donn\u00e9es collect\u00e9es:<\/b><\/p>\n<p>Nous pouvons collecter les donn\u00e9es suivantes lorsque vous utilisez le formulaire de contact :<\/p>\n<p>&#8211; Nom et pr\u00e9nom<\/p>\n<p>&#8211; Adresse e-mail<\/p>\n<p>&#8211; Num\u00e9ro de t\u00e9l\u00e9phone<\/p>\n<p>&#8211; Ville ou localisation du bien<\/p>\n<p>&#8211; Message et informations transmises volontairement<\/p>\n<p>&#8212;<\/p>\n<p><span style=\"font-style: inherit; color: var( --e-global-color-astglobalcolor3 ); background-color: var(--ast-global-color-5);\"><b>4. Finalit\u00e9 de la collecte:<\/b><\/span><\/p>\n<p>Les donn\u00e9es collect\u00e9es sont utilis\u00e9es uniquement pour :<\/p>\n<p>&#8211; R\u00e9pondre aux demandes de contact<\/p>\n<p>&#8211; Fournir une estimation ou des informations sur nos services<\/p>\n<p>&#8211; \u00c9changer avec les propri\u00e9taires ou partenaires<\/p>\n<p>Aucune donn\u00e9e n\u2019est vendue, lou\u00e9e ou c\u00e9d\u00e9e \u00e0 des tiers.<\/p>\n<p>&#8212;<\/p><p><span style=\"font-style: inherit; color: var( --e-global-color-astglobalcolor3 ); background-color: var(--ast-global-color-5);\"><b>5. Dur\u00e9e de conservation:<\/b><\/span><\/p>\n<p>Les donn\u00e9es personnelles sont conserv\u00e9es uniquement le temps n\u00e9cessaire pour traiter la demande ou maintenir une relation commerciale.<\/p>\n<p>&#8212;<\/p>\n<p><b>6. Cookies:<\/b><\/p>\n<p>Le site peut utiliser des cookies pour :<\/p>\n<p>&#8211; Am\u00e9liorer l\u2019exp\u00e9rience utilisateur<\/p>\n<p>&#8211; Mesurer l\u2019audience du site<\/p>\n<p>&#8211; Assurer le bon fonctionnement du site<\/p>\n<p>Vous pouvez refuser les cookies via les param\u00e8tres de votre navigateur.<\/p>\n<p>&#8212;<\/p>\n<p><b>7. H\u00e9bergement:<\/b><\/p>\n<p>Le site est h\u00e9berg\u00e9 par un prestataire d\u2019h\u00e9bergement web, garantissant la s\u00e9curit\u00e9 et la protection des donn\u00e9es.<\/p>\n<p>&#8212;<\/p>\n<p><b>&nbsp;8. Vos droits:<\/b><\/p>\n<p>Conform\u00e9ment au R\u00e8glement G\u00e9n\u00e9ral sur la Protection des Donn\u00e9es (RGPD), vous disposez des droits suivants :<\/p>\n<p>&#8211; Droit d\u2019acc\u00e8s \u00e0 vos donn\u00e9es<\/p>\n<p>&#8211; Droit de rectification<\/p>\n<p>&#8211; Droit de suppression<\/p>\n<p>&#8211; Droit d\u2019opposition au traitement<\/p>\n<p>Pour exercer ces droits, vous pouvez nous contacter \u00e0 l\u2019adresse suivante : <span class=\"Apple-converted-space\">&nbsp;<\/span><\/p>\n<p>contact@domusea.fr<\/p>\n<p>&#8212;<\/p>\n<p><b>9. S\u00e9curit\u00e9 des donn\u00e9es:<\/b><\/p>\n<p>Nous mettons en \u0153uvre des mesures techniques et organisationnelles pour prot\u00e9ger vos donn\u00e9es contre tout acc\u00e8s non autoris\u00e9, perte ou divulgation.<\/p>\n<p>&#8212;<\/p>\n<p><b>10. Modification de la politique:<\/b><\/p>\n<p>Cette politique de confidentialit\u00e9 peut \u00eatre modifi\u00e9e \u00e0 tout moment pour s\u2019adapter aux \u00e9volutions du site ou de la l\u00e9gislation.<\/p>\n<p>Derni\u00e8re mise \u00e0 jour : f\u00e9vrier 2026.<\/p>\t\t\t\t\t\t\t\t<\/div>\n\t\t\t\t\t<\/div>\n\t\t\t\t<\/div>\n\t\t\t\t<\/div>","protected":false},"excerpt":{"rendered":"<p>Politique de confidentialit\u00e9 &nbsp;1. Introduction:La pr\u00e9sente politique de confidentialit\u00e9 a pour objectif d\u2019informer les utilisateurs du site Domusea sur la [&hellip;]<\/p>\n","protected":false},"author":1,"featured_media":0,"parent":0,"menu_order":0,"comment_status":"closed","ping_status":"closed","template":"","meta":{"site-sidebar-layout":"no-sidebar","site-content-layout":"","ast-site-content-layout":"full-width-container","site-content-style":"default","site-sidebar-style":"default","ast-global-header-display":"","ast-banner-title-visibility":"","ast-main-header-display":"","ast-hfb-above-header-display":"","ast-hfb-below-header-display":"","ast-hfb-mobile-header-display":"","site-post-title":"disabled","ast-breadcrumbs-content":"","ast-featured-img":"disabled","footer-sml-layout":"","ast-disable-related-posts":"","theme-transparent-header-meta":"","adv-header-id-meta":"","stick-header-meta":"","header-above-stick-meta":"","header-main-stick-meta":"","header-below-stick-meta":"","astra-migrate-meta-layouts":"default","ast-page-background-enabled":"default","ast-page-background-meta":{"desktop":{"background-color":"var(--ast-global-color-5)","background-image":"","background-repeat":"repeat","background-position":"center center","background-size":"auto","background-attachment":"scroll","background-type":"","background-media":"","overlay-type":"","overlay-color":"","overlay-opacity":"","overlay-gradient":""},"tablet":{"background-color":"","background-image":"","background-repeat":"repeat","background-position":"center center","background-size":"auto","background-attachment":"scroll","background-type":"","background-media":"","overlay-type":"","overlay-color":"","overlay-opacity":"","overlay-gradient":""},"mobile":{"background-color":"","background-image":"","background-repeat":"repeat","background-position":"center center","background-size":"auto","background-attachment":"scroll","background-type":"","background-media":"","overlay-type":"","overlay-color":"","overlay-opacity":"","overlay-gradient":""}},"ast-content-background-meta":{"desktop":{"background-color":"var(--ast-global-color-4)","background-image":"","background-repeat":"repeat","background-position":"center center","background-size":"auto","background-attachment":"scroll","background-type":"","background-media":"","overlay-type":"","overlay-color":"","overlay-opacity":"","overlay-gradient":""},"tablet":{"background-color":"var(--ast-global-color-4)","background-image":"","background-repeat":"repeat","background-position":"center center","background-size":"auto","background-attachment":"scroll","background-type":"","background-media":"","overlay-type":"","overlay-color":"","overlay-opacity":"","overlay-gradient":""},"mobile":{"background-color":"var(--ast-global-color-4)","background-image":"","background-repeat":"repeat","background-position":"center center","background-size":"auto","background-attachment":"scroll","background-type":"","background-media":"","overlay-type":"","overlay-color":"","overlay-opacity":"","overlay-gradient":""}},"footnotes":""},"class_list":["post-480","page","type-page","status-publish","hentry"],"yoast_head":"<!-- This site is optimized with the Yoast SEO plugin v27.5 - https:\/\/yoast.com\/product\/yoast-seo-wordpress\/ -->\n<title>Politique de confidentialit\u00e9 - Domusea<\/title>\n<meta name=\"description\" content=\"Conciergerie premium au Pays Basque et sur la C\u00f4te Landaise. Gestion compl\u00e8te de votre location courte dur\u00e9e : optimisation , accueil voyageurs et m\u00e9nage h\u00f4telier.\" \/>\n<meta name=\"robots\" content=\"index, follow, max-snippet:-1, max-image-preview:large, max-video-preview:-1\" \/>\n<link rel=\"canonical\" href=\"https:\/\/domusea.fr\/en\/politique-de-confidentialite\/\" \/>\n<meta property=\"og:locale\" content=\"en_US\" \/>\n<meta property=\"og:type\" content=\"article\" \/>\n<meta property=\"og:title\" content=\"Politique de confidentialit\u00e9 - Domusea\" \/>\n<meta property=\"og:description\" content=\"Conciergerie premium au Pays Basque et sur la C\u00f4te Landaise. Gestion compl\u00e8te de votre location courte dur\u00e9e : optimisation , accueil voyageurs et m\u00e9nage h\u00f4telier.\" \/>\n<meta property=\"og:url\" content=\"https:\/\/domusea.fr\/en\/politique-de-confidentialite\/\" \/>\n<meta property=\"og:site_name\" content=\"Domusea\" \/>\n<meta property=\"article:modified_time\" content=\"2026-02-18T23:40:57+00:00\" \/>\n<meta name=\"twitter:card\" content=\"summary_large_image\" \/>\n<meta name=\"twitter:label1\" content=\"Est. reading time\" \/>\n\t<meta name=\"twitter:data1\" content=\"2 minutes\" \/>\n<script type=\"application\/ld+json\" class=\"yoast-schema-graph\">{\"@context\":\"https:\\\/\\\/schema.org\",\"@graph\":[{\"@type\":\"WebPage\",\"@id\":\"https:\\\/\\\/domusea.fr\\\/politique-de-confidentialite\\\/\",\"url\":\"https:\\\/\\\/domusea.fr\\\/politique-de-confidentialite\\\/\",\"name\":\"Politique de confidentialit\u00e9 - Domusea\",\"isPartOf\":{\"@id\":\"https:\\\/\\\/domusea.fr\\\/#website\"},\"datePublished\":\"2026-02-18T23:21:04+00:00\",\"dateModified\":\"2026-02-18T23:40:57+00:00\",\"description\":\"Conciergerie premium au Pays Basque et sur la C\u00f4te Landaise. Gestion compl\u00e8te de votre location courte dur\u00e9e : optimisation , accueil voyageurs et m\u00e9nage h\u00f4telier.\",\"breadcrumb\":{\"@id\":\"https:\\\/\\\/domusea.fr\\\/politique-de-confidentialite\\\/#breadcrumb\"},\"inLanguage\":\"en-US\",\"potentialAction\":[{\"@type\":\"ReadAction\",\"target\":[\"https:\\\/\\\/domusea.fr\\\/politique-de-confidentialite\\\/\"]}]},{\"@type\":\"BreadcrumbList\",\"@id\":\"https:\\\/\\\/domusea.fr\\\/politique-de-confidentialite\\\/#breadcrumb\",\"itemListElement\":[{\"@type\":\"ListItem\",\"position\":1,\"name\":\"Accueil\",\"item\":\"https:\\\/\\\/domusea.fr\\\/\"},{\"@type\":\"ListItem\",\"position\":2,\"name\":\"Politique de confidentialit\u00e9\"}]},{\"@type\":\"WebSite\",\"@id\":\"https:\\\/\\\/domusea.fr\\\/#website\",\"url\":\"https:\\\/\\\/domusea.fr\\\/\",\"name\":\"Domusea\",\"description\":\"Conciergerie Premium\",\"publisher\":{\"@id\":\"https:\\\/\\\/domusea.fr\\\/#organization\"},\"potentialAction\":[{\"@type\":\"SearchAction\",\"target\":{\"@type\":\"EntryPoint\",\"urlTemplate\":\"https:\\\/\\\/domusea.fr\\\/?s={search_term_string}\"},\"query-input\":{\"@type\":\"PropertyValueSpecification\",\"valueRequired\":true,\"valueName\":\"search_term_string\"}}],\"inLanguage\":\"en-US\"},{\"@type\":\"Organization\",\"@id\":\"https:\\\/\\\/domusea.fr\\\/#organization\",\"name\":\"Domusea\",\"url\":\"https:\\\/\\\/domusea.fr\\\/\",\"logo\":{\"@type\":\"ImageObject\",\"inLanguage\":\"en-US\",\"@id\":\"https:\\\/\\\/domusea.fr\\\/#\\\/schema\\\/logo\\\/image\\\/\",\"url\":\"https:\\\/\\\/domusea.fr\\\/wp-content\\\/uploads\\\/2026\\\/02\\\/cropped-BCBD588B-E202-4F58-A4A6-E54288991DB0.png\",\"contentUrl\":\"https:\\\/\\\/domusea.fr\\\/wp-content\\\/uploads\\\/2026\\\/02\\\/cropped-BCBD588B-E202-4F58-A4A6-E54288991DB0.png\",\"width\":\"1024\",\"height\":\"504\",\"caption\":\"Domusea\"},\"image\":{\"@id\":\"https:\\\/\\\/domusea.fr\\\/#\\\/schema\\\/logo\\\/image\\\/\"},\"sameAs\":[\"https:\\\/\\\/www.instagram.com\\\/domusea_conciergerie?igsh=NGZxbTFtc21yM2c1\"]}]}<\/script>\n<!-- \/ Yoast SEO plugin. -->","yoast_head_json":{"title":"Politique de confidentialit\u00e9 - Domusea","description":"Conciergerie premium au Pays Basque et sur la C\u00f4te Landaise. Gestion compl\u00e8te de votre location courte dur\u00e9e : optimisation , accueil voyageurs et m\u00e9nage h\u00f4telier.","robots":{"index":"index","follow":"follow","max-snippet":"max-snippet:-1","max-image-preview":"max-image-preview:large","max-video-preview":"max-video-preview:-1"},"canonical":"https:\/\/domusea.fr\/en\/politique-de-confidentialite\/","og_locale":"en_US","og_type":"article","og_title":"Politique de confidentialit\u00e9 - Domusea","og_description":"Conciergerie premium au Pays Basque et sur la C\u00f4te Landaise. Gestion compl\u00e8te de votre location courte dur\u00e9e : optimisation , accueil voyageurs et m\u00e9nage h\u00f4telier.","og_url":"https:\/\/domusea.fr\/en\/politique-de-confidentialite\/","og_site_name":"Domusea","article_modified_time":"2026-02-18T23:40:57+00:00","twitter_card":"summary_large_image","twitter_misc":{"Est. reading time":"2 minutes"},"schema":{"@context":"https:\/\/schema.org","@graph":[{"@type":"WebPage","@id":"https:\/\/domusea.fr\/politique-de-confidentialite\/","url":"https:\/\/domusea.fr\/politique-de-confidentialite\/","name":"Politique de confidentialit\u00e9 - Domusea","isPartOf":{"@id":"https:\/\/domusea.fr\/#website"},"datePublished":"2026-02-18T23:21:04+00:00","dateModified":"2026-02-18T23:40:57+00:00","description":"Conciergerie premium au Pays Basque et sur la C\u00f4te Landaise. Gestion compl\u00e8te de votre location courte dur\u00e9e : optimisation , accueil voyageurs et m\u00e9nage h\u00f4telier.","breadcrumb":{"@id":"https:\/\/domusea.fr\/politique-de-confidentialite\/#breadcrumb"},"inLanguage":"en-US","potentialAction":[{"@type":"ReadAction","target":["https:\/\/domusea.fr\/politique-de-confidentialite\/"]}]},{"@type":"BreadcrumbList","@id":"https:\/\/domusea.fr\/politique-de-confidentialite\/#breadcrumb","itemListElement":[{"@type":"ListItem","position":1,"name":"Accueil","item":"https:\/\/domusea.fr\/"},{"@type":"ListItem","position":2,"name":"Politique de confidentialit\u00e9"}]},{"@type":"WebSite","@id":"https:\/\/domusea.fr\/#website","url":"https:\/\/domusea.fr\/","name":"Domusea","description":"Conciergerie Premium","publisher":{"@id":"https:\/\/domusea.fr\/#organization"},"potentialAction":[{"@type":"SearchAction","target":{"@type":"EntryPoint","urlTemplate":"https:\/\/domusea.fr\/?s={search_term_string}"},"query-input":{"@type":"PropertyValueSpecification","valueRequired":true,"valueName":"search_term_string"}}],"inLanguage":"en-US"},{"@type":"Organization","@id":"https:\/\/domusea.fr\/#organization","name":"Domusea","url":"https:\/\/domusea.fr\/","logo":{"@type":"ImageObject","inLanguage":"en-US","@id":"https:\/\/domusea.fr\/#\/schema\/logo\/image\/","url":"https:\/\/domusea.fr\/wp-content\/uploads\/2026\/02\/cropped-BCBD588B-E202-4F58-A4A6-E54288991DB0.png","contentUrl":"https:\/\/domusea.fr\/wp-content\/uploads\/2026\/02\/cropped-BCBD588B-E202-4F58-A4A6-E54288991DB0.png","width":"1024","height":"504","caption":"Domusea"},"image":{"@id":"https:\/\/domusea.fr\/#\/schema\/logo\/image\/"},"sameAs":["https:\/\/www.instagram.com\/domusea_conciergerie?igsh=NGZxbTFtc21yM2c1"]}]}},"_links":{"self":[{"href":"https:\/\/domusea.fr\/en\/wp-json\/wp\/v2\/pages\/480","targetHints":{"allow":["GET"]}}],"collection":[{"href":"https:\/\/domusea.fr\/en\/wp-json\/wp\/v2\/pages"}],"about":[{"href":"https:\/\/domusea.fr\/en\/wp-json\/wp\/v2\/types\/page"}],"author":[{"embeddable":true,"href":"https:\/\/domusea.fr\/en\/wp-json\/wp\/v2\/users\/1"}],"replies":[{"embeddable":true,"href":"https:\/\/domusea.fr\/en\/wp-json\/wp\/v2\/comments?post=480"}],"version-history":[{"count":4,"href":"https:\/\/domusea.fr\/en\/wp-json\/wp\/v2\/pages\/480\/revisions"}],"predecessor-version":[{"id":484,"href":"https:\/\/domusea.fr\/en\/wp-json\/wp\/v2\/pages\/480\/revisions\/484"}],"wp:attachment":[{"href":"https:\/\/domusea.fr\/en\/wp-json\/wp\/v2\/media?parent=480"}],"curies":[{"name":"wp","href":"https:\/\/api.w.org\/{rel}","templated":true}]}}